{"id":6,"date":"2025-02-13T09:08:13","date_gmt":"2025-02-13T09:08:13","guid":{"rendered":"https:\/\/kolektiv.eu\/zakoni\/register\/"},"modified":"2025-02-13T09:45:50","modified_gmt":"2025-02-13T09:45:50","slug":"registracija","status":"publish","type":"page","link":"https:\/\/kolektiv.eu\/zakoni\/registracija\/","title":{"rendered":"Registracija"},"content":{"rendered":"\n<form id=\"pms_register-form\" class=\"pms-form \" method=\"POST\">\n\n    \n    <input type=\"hidden\" id=\"pmstkn\" name=\"pmstkn\" value=\"863f71981b\" \/><input type=\"hidden\" name=\"_wp_http_referer\" value=\"\/zakoni\/wp-json\/wp\/v2\/pages\/6\" \/>\n    <ul class=\"pms-form-fields-wrapper\">\n\n        \n        \n        <div class=\"pms-account-section-wrapper\">\n            \n                        <li class=\"pms-field pms-user-login-field \">\n                <label for=\"pms_user_login\">Username *<\/label>\n                <input id=\"pms_user_login\" name=\"user_login\" type=\"text\" value=\"\" \/>\n\n                            <\/li>\n\n                        <li class=\"pms-field pms-user-email-field \">\n                <label for=\"pms_user_email\">E-mail *<\/label>\n                <input id=\"pms_user_email\" name=\"user_email\" type=\"text\" value=\"\" \/>\n\n                            <\/li>\n\n                        <li class=\"pms-field pms-first-name-field \">\n                <label for=\"pms_first_name\">Ime<\/label>\n                <input id=\"pms_first_name\" name=\"first_name\" type=\"text\" value=\"\" \/>\n\n                            <\/li>\n\n                        <li class=\"pms-field pms-last-name-field \">\n                <label for=\"pms_last_name\">Prezime<\/label>\n                <input id=\"pms_last_name\" name=\"last_name\" type=\"text\" value=\"\" \/>\n\n                            <\/li>\n\n                        <li class=\"pms-field pms-pass1-field \">\n                <label for=\"pms_pass1\">Password *<\/label>\n                <input id=\"pms_pass1\" name=\"pass1\" type=\"password\" \/>\n\n                \n                            <\/li>\n\n                        <li class=\"pms-field pms-pass2-field \">\n                <label for=\"pms_pass2\">Repeat Password *<\/label>\n                <input id=\"pms_pass2\" name=\"pass2\" type=\"password\" \/>\n\n                            <\/li>\n\n                    <\/div>\n\n        \n        <li class=\"pms-field pms-field-subscriptions \"><div class=\"pms-subscription-plan pms-subscription-plan-177\"><label><input type=\"radio\" name=\"subscription_plans\" data-price=\"0\" data-duration=\"5\" data-fixed_membership=\"\" data-allow_renew=\"\" data-sign_up_fee=\"0\" data-trial=\"0\" data-recurring=\"3\"  value=\"177\"  checked='checked'data-default-selected=\"true\" \/><span class=\"pms-subscription-plan-name\">TESTER1<\/span><span class=\"pms-subscription-plan-price\"><span class=\"pms-divider\"> - <\/span><span class=\"pms-subscription-plan-price-value\">Besplatan<\/span><span class=\"pms-divider pms-duration-divider\"> \/ <\/span><span class=\"pms-subscription-plan-duration\">5 Days<\/span><\/span><span class=\"pms-subscription-plan-trial\"><\/span><span class=\"pms-subscription-plan-sign-up-fee\"><\/span><\/label><div class=\"pms-subscription-plan-description\">Ra\u010dun za testiranje portala<\/div><\/div><div class=\"pms-subscription-plan pms-subscription-plan-12\"><label><input type=\"radio\" name=\"subscription_plans\" data-price=\"500\" data-duration=\"0\" data-fixed_membership=\"\" data-allow_renew=\"\" data-sign_up_fee=\"0\" data-trial=\"1\" data-recurring=\"0\"  value=\"12\" data-default-checked=\"false\" \/><span class=\"pms-subscription-plan-name\">Napredni paket<\/span><span class=\"pms-subscription-plan-price\"><span class=\"pms-divider\"> - <\/span><span class=\"pms-subscription-plan-price-value\">500<\/span> <span class=\"pms-subscription-plan-currency\">&#8364;<\/span><\/span><span class=\"pms-subscription-plan-trial\"> with a 1 day free trial<\/span><span class=\"pms-subscription-plan-sign-up-fee\"><\/span><\/label><div class=\"pms-subscription-plan-description\">Namijenjen za ve\u0107e firme, preduzetnike i one koji tra\u017ee sveobuhvatniju pravnu podr\u0161ku. Ovaj paket uklju\u010duje sve mogu\u0107nosti Osnovnog paketa, uz dodatne pogodnosti kao \u0161to su pra\u0107enje rokova i obaveza, analiza slo\u017eenijih pravnih situacija, prilago\u0111eni pravni dokumenti, podr\u0161ka u pregovorima i pravne konsultacije .Savr\u0161en za one koji tra\u017ee dubinsku pravnu analizu i dugoro\u010dnu podr\u0161ku.<\/div><\/div><div class=\"pms-subscription-plan pms-subscription-plan-11\"><label><input type=\"radio\" name=\"subscription_plans\" data-price=\"100\" data-duration=\"0\" data-fixed_membership=\"\" data-allow_renew=\"\" data-sign_up_fee=\"0\" data-trial=\"1\" data-recurring=\"0\"  value=\"11\" data-default-checked=\"false\" \/><span class=\"pms-subscription-plan-name\">Osnovni paket<\/span><span class=\"pms-subscription-plan-price\"><span class=\"pms-divider\"> - <\/span><span class=\"pms-subscription-plan-price-value\">100<\/span> <span class=\"pms-subscription-plan-currency\">&#8364;<\/span><\/span><span class=\"pms-subscription-plan-trial\"> with a 1 day free trial<\/span><span class=\"pms-subscription-plan-sign-up-fee\"><\/span><\/label><div class=\"pms-subscription-plan-description\">Idealno za pojedince i mala preduze\u0107a koja tra\u017ee osnovnu pravnu podr\u0161ku i savjete. Ovaj paket omogu\u0107ava pristup AI pravnom ekspertu za generisanje jednostavnih pravnih dokumenata, pregled ugovora i osnovne pravne savjete. Savr\u0161en za svakodnevne potrebe i brza re\u0161enja.<\/div><\/div><div class=\"pms-subscription-plan-auto-renew\"><label><input name=\"pms_recurring\" type=\"checkbox\" value=\"1\"  \/>Automatically renew subscription<\/label><\/div><input type=\"hidden\" name=\"pms_default_recurring\" value=\"1\" \/><\/li>\n    <\/ul>\n\n    <span id=\"pms-submit-button-loading-placeholder-text\" style=\"display: none;\">Processing. Please wait...<\/span><div class=\"pms-paygates-holder\"><div id=\"pms-paygates-wrapper\"><input type=\"hidden\" class=\"pms_pay_gate\" name=\"pay_gate\" value=\"paypal_standard\" data-sign_up_fee=\"1\" data-trial=\"1\" data-recurring=\"1\"  \/><\/div><\/div>\n            <input class=\"pms-form-submit\" name=\"pms_register\" type=\"submit\" value=\"Registrirajte \" \/>\n    \n<\/form>\n\n","protected":false},"excerpt":{"rendered":"","protected":false},"author":1,"featured_media":0,"parent":0,"menu_order":0,"comment_status":"closed","ping_status":"closed","template":"","meta":{"footnotes":""},"class_list":["post-6","page","type-page","status-publish","hentry"],"_links":{"self":[{"href":"https:\/\/kolektiv.eu\/zakoni\/wp-json\/wp\/v2\/pages\/6","targetHints":{"allow":["GET"]}}],"collection":[{"href":"https:\/\/kolektiv.eu\/zakoni\/wp-json\/wp\/v2\/pages"}],"about":[{"href":"https:\/\/kolektiv.eu\/zakoni\/wp-json\/wp\/v2\/types\/page"}],"author":[{"embeddable":true,"href":"https:\/\/kolektiv.eu\/zakoni\/wp-json\/wp\/v2\/users\/1"}],"replies":[{"embeddable":true,"href":"https:\/\/kolektiv.eu\/zakoni\/wp-json\/wp\/v2\/comments?post=6"}],"version-history":[{"count":1,"href":"https:\/\/kolektiv.eu\/zakoni\/wp-json\/wp\/v2\/pages\/6\/revisions"}],"predecessor-version":[{"id":21,"href":"https:\/\/kolektiv.eu\/zakoni\/wp-json\/wp\/v2\/pages\/6\/revisions\/21"}],"wp:attachment":[{"href":"https:\/\/kolektiv.eu\/zakoni\/wp-json\/wp\/v2\/media?parent=6"}],"curies":[{"name":"wp","href":"https:\/\/api.w.org\/{rel}","templated":true}]}}