{"id":237,"date":"2025-03-07T10:42:27","date_gmt":"2025-03-07T10:42:27","guid":{"rendered":"https:\/\/kolektiv.eu\/zakoni\/pricing-3\/"},"modified":"2025-03-11T09:48:49","modified_gmt":"2025-03-11T09:48:49","slug":"pricing","status":"publish","type":"page","link":"https:\/\/kolektiv.eu\/zakoni\/pricing\/","title":{"rendered":"Cijenik usluga"},"content":{"rendered":"\n<div class=\"wp-block-columns alignwide pms-pt-gap is-layout-flex wp-container-core-columns-is-layout-d2da2050 wp-block-columns-is-layout-flex\" style=\"margin-bottom:0\">\n<div class=\"wp-block-column pms-pt-border-1 pms-pt-card-1 has-border-color is-layout-constrained wp-container-core-column-is-layout-23b1a4dc wp-block-column-is-layout-constrained\" style=\"border-color:#7a838b;border-width:2px;padding-top:var(--wp--preset--spacing--30);padding-right:var(--wp--preset--spacing--30);padding-bottom:var(--wp--preset--spacing--30);padding-left:var(--wp--preset--spacing--30)\">\n<h2 class=\"wp-block-heading has-text-align-center pms-pt-text-title has-text-color\" style=\"color:#7a838b;font-style:normal;font-weight:500\">Osnovni paket<\/h2>\n\n\n\n<h3 class=\"wp-block-heading has-text-align-center pms-pt-text-price has-text-color\" style=\"color:#7a838b\">100 KM \/ godi\u0161nje<\/h3>\n\n\n\n<p class=\"has-text-align-center\"><span class=\"pms-pt-text-price pms-pt-text-duration\"><strong>1 DAN PROBNI PERIOD<\/strong><\/span><\/p>\n\n\n\n<p class=\"has-text-align-left\"><span class=\"pms-pt-text-description\">Idealno za pojedince i mala preduze\u0107a koja tra\u017ee osnovnu pravnu podr\u0161ku i savjete. Ovaj paket omogu\u0107ava pristup AI pravnom ekspertu za generisanje jednostavnih pravnih odgovora, savjeta, dokumenata, ugovora i drugih pravnih dokumenata. Savr\u0161en za svakodnevne potrebe, jednostavne i brze odgovore i generisanje pravnih pisama, ugovora i drugih dokumenata.<\/span><\/p>\n\n\n\n<hr class=\"wp-block-separator has-alpha-channel-opacity pms-pt-separator is-style-dots\"\/>\n\n\n\n<ul class=\"wp-block-list pms-pt-list\">\n<li>Pristup AI ekspertu za zakon<\/li>\n\n\n\n<li>Pristup zakonima BiH na svim nivoima (BiH, FBiH, RS i BD)<\/li>\n\n\n\n<li>Generisanje pravnih savjeta sa tuma\u010denjima<\/li>\n\n\n\n<li>Generisanje pravnih pisama, ugovora i drugih dokumenata<\/li>\n<\/ul>\n\n\n\n<div class=\"wp-block-buttons pms-pt-button-column-1 is-content-justification-center is-layout-flex wp-container-core-buttons-is-layout-098cc607 wp-block-buttons-is-layout-flex\">\n<div class=\"wp-block-button has-custom-width wp-block-button__width-75 is-style-outline is-style-outline--1\"><a class=\"wp-block-button__link has-text-align-center wp-element-button\" href=\"https:\/\/kolektiv.eu\/zakoni\/registracija\/?subscription_plan=11&amp;single_plan=yes\" style=\"border-radius:0px\"><strong>Naru\u010di<\/strong><\/a><\/div>\n<\/div>\n<\/div>\n\n\n\n<div class=\"wp-block-column pms-pt-border-2 pms-pt-card-2 has-border-color is-layout-constrained wp-container-core-column-is-layout-23b1a4dc wp-block-column-is-layout-constrained\" style=\"border-color:#d7b045;border-width:2px;padding-top:var(--wp--preset--spacing--30);padding-right:var(--wp--preset--spacing--30);padding-bottom:var(--wp--preset--spacing--30);padding-left:var(--wp--preset--spacing--30)\">\n<h2 class=\"wp-block-heading has-text-align-center pms-pt-text-title has-text-color\" style=\"color:#d7b045;font-style:normal;font-weight:500\">Napredni paket<\/h2>\n\n\n\n<h3 class=\"wp-block-heading has-text-align-center pms-pt-text-price has-text-color\" style=\"color:#d7b045\">500 KM \/ godi\u0161nje<\/h3>\n\n\n\n<p class=\"has-text-align-center\"><span class=\"pms-pt-text-price pms-pt-text-duration\"><span class=\"pms-pt-text-price pms-pt-text-duration\"><strong>1 DAN PROBNI PERIOD<\/strong><\/span><\/span><\/p>\n\n\n\n<p class=\"has-text-align-left\"><span class=\"pms-pt-text-description\">Namijenjen za ve\u0107e firme, preduzetnike i one koji tra\u017ee sveobuhvatniju pravnu podr\u0161ku. Ovaj paket uklju\u010duje sve mogu\u0107nosti osnovnog paketa, uz dodatne opcije kao \u0161to su analiza slo\u017eenijih pravnih situacija, prilago\u0111eni pravni dokumenti, podr\u0161ka u pregovorima i pravne konsultacije. Savr\u0161en za one koji tra\u017ee detaljnu pravnu analizu i dugoro\u010dnu podr\u0161ku.<\/span><\/p>\n\n\n\n<hr class=\"wp-block-separator has-alpha-channel-opacity pms-pt-separator is-style-dots\"\/>\n\n\n\n<p class=\"has-text-align-left\"><span class=\"pms-pt-text-description\">Sve kao i Osnovni paket, plus<\/span>:<\/p>\n\n\n\n<ul class=\"wp-block-list pms-pt-list pms-pt-list-extra\">\n<li>Pristup prilago\u0111enom AI ekspertu za zakon<\/li>\n\n\n\n<li>Napredniji AI model<\/li>\n\n\n\n<li>Dodatni alati za analize<\/li>\n\n\n\n<li>Dodatni alati za upravljanje dokumentima<\/li>\n<\/ul>\n\n\n\n<div class=\"wp-block-buttons pms-pt-button-column-2 is-content-justification-center is-layout-flex wp-container-core-buttons-is-layout-098cc607 wp-block-buttons-is-layout-flex\">\n<div class=\"wp-block-button has-custom-width wp-block-button__width-75 is-style-outline is-style-outline--2\"><a class=\"wp-block-button__link has-text-align-center wp-element-button\" href=\"https:\/\/kolektiv.eu\/zakoni\/registracija\/?subscription_plan=12&amp;single_plan=yes\" style=\"border-radius:0px\"><strong>Naru\u010di<\/strong><\/a><\/div>\n<\/div>\n<\/div>\n\n\n\n<div class=\"wp-block-column pms-pt-border-1 pms-pt-card-3 has-border-color is-layout-constrained wp-container-core-column-is-layout-23b1a4dc wp-block-column-is-layout-constrained\" style=\"border-color:#6eb096;border-width:2px;padding-top:var(--wp--preset--spacing--30);padding-right:var(--wp--preset--spacing--30);padding-bottom:var(--wp--preset--spacing--30);padding-left:var(--wp--preset--spacing--30)\">\n<h2 class=\"wp-block-heading has-text-align-center pms-pt-text-title has-text-color\" style=\"color:#6eb096;font-style:normal;font-weight:500\">Premium Paket<\/h2>\n\n\n\n<h3 class=\"wp-block-heading has-text-align-center pms-pt-text-price has-text-color\" style=\"color:#6eb096\">Na upit<\/h3>\n\n\n\n<p class=\"has-text-align-center\"><span class=\"pms-pt-text-price pms-pt-text-duration\"><strong>PREZENTACIJA PAKETA<\/strong><\/span><\/p>\n\n\n\n<p class=\"has-text-align-left\"><span class=\"pms-pt-text-description\">Namijenjen za velike korporacije, advokatske firme i organizacije koje zahtijevaju napredne pravne usluge i prilago\u0111eno kori\u0161tenje AI pravnog eksperta. Obuhvata sve iz Naprednog paketa, uz dodatne usluge specijalizirane za velike koli\u010dine podataka, kompleksne parni\u010dne procese i automatizaciju. Idealno za korisnike koji tra\u017ee vrhunske tehnologije za upravljanje pravnim rizicima, analizu podataka i pobolj\u0161anje pravnih procedura.<\/span><\/p>\n\n\n\n<hr class=\"wp-block-separator has-alpha-channel-opacity pms-pt-separator is-style-dots\"\/>\n\n\n\n<p class=\"has-text-align-left\"><span class=\"pms-pt-text-description\"><span class=\"pms-pt-text-description\">Sve kao i<\/span> Napredni <span class=\"pms-pt-text-description\">paket<\/span>, plus<\/span>:<\/p>\n\n\n\n<ul class=\"wp-block-list pms-pt-list\">\n<li>Pristup vi\u0161e prilago\u0111enih AI eksperata za zakon<\/li>\n\n\n\n<li>Mogu\u0107nost kori\u0161tenja vi\u0161e AI modela<\/li>\n\n\n\n<li>Dodatni alati za analize<\/li>\n\n\n\n<li>Dodatni alati za upravljanje dokumentima<\/li>\n<\/ul>\n\n\n\n<div class=\"wp-block-buttons pms-pt-button-column-1 is-content-justification-center is-layout-flex wp-container-core-buttons-is-layout-a89b3969 wp-block-buttons-is-layout-flex\">\n<div class=\"wp-block-button has-custom-width wp-block-button__width-75 is-style-outline is-style-outline--3\"><a class=\"wp-block-button__link has-text-align-center wp-element-button\" href=\"https:\/\/kolektiv.eu\/zakoni\/\" style=\"border-radius:0px\"><strong>Naru\u010di<\/strong><\/a><\/div>\n<\/div>\n<\/div>\n<\/div>\n\n\n\n<p><\/p>\n","protected":false},"excerpt":{"rendered":"<p>Osnovni paket 100 KM \/ godi\u0161nje 1 DAN PROBNI PERIOD Idealno za pojedince i mala preduze\u0107a koja tra\u017ee osnovnu pravnu podr\u0161ku i savjete. Ovaj paket omogu\u0107ava pristup AI pravnom ekspertu za generisanje jednostavnih pravnih odgovora, savjeta, dokumenata, ugovora i drugih pravnih dokumenata. Savr\u0161en za svakodnevne potrebe, jednostavne i brze odgovore i generisanje pravnih pisama, ugovora [&hellip;]<\/p>\n","protected":false},"author":1,"featured_media":0,"parent":0,"menu_order":0,"comment_status":"closed","ping_status":"closed","template":"elementor_header_footer","meta":{"footnotes":""},"class_list":["post-237","page","type-page","status-publish","hentry"],"_links":{"self":[{"href":"https:\/\/kolektiv.eu\/zakoni\/wp-json\/wp\/v2\/pages\/237","targetHints":{"allow":["GET"]}}],"collection":[{"href":"https:\/\/kolektiv.eu\/zakoni\/wp-json\/wp\/v2\/pages"}],"about":[{"href":"https:\/\/kolektiv.eu\/zakoni\/wp-json\/wp\/v2\/types\/page"}],"author":[{"embeddable":true,"href":"https:\/\/kolektiv.eu\/zakoni\/wp-json\/wp\/v2\/users\/1"}],"replies":[{"embeddable":true,"href":"https:\/\/kolektiv.eu\/zakoni\/wp-json\/wp\/v2\/comments?post=237"}],"version-history":[{"count":11,"href":"https:\/\/kolektiv.eu\/zakoni\/wp-json\/wp\/v2\/pages\/237\/revisions"}],"predecessor-version":[{"id":280,"href":"https:\/\/kolektiv.eu\/zakoni\/wp-json\/wp\/v2\/pages\/237\/revisions\/280"}],"wp:attachment":[{"href":"https:\/\/kolektiv.eu\/zakoni\/wp-json\/wp\/v2\/media?parent=237"}],"curies":[{"name":"wp","href":"https:\/\/api.w.org\/{rel}","templated":true}]}}